{"id":1123,"date":"2022-12-02T12:07:22","date_gmt":"2022-12-02T15:07:22","guid":{"rendered":"https:\/\/escolademuseologia.tech\/?page_id=1123"},"modified":"2022-12-02T13:16:49","modified_gmt":"2022-12-02T16:16:49","slug":"galeria","status":"publish","type":"page","link":"https:\/\/escolademuseologia.tech\/?page_id=1123","title":{"rendered":"Galeria"},"content":{"rendered":"\t\t<div data-elementor-type=\"wp-page\" data-elementor-id=\"1123\" class=\"elementor elementor-1123\">\n\t\t\t\t\t\t<section class=\"elementor-section elementor-top-section elementor-element elementor-element-2347619 elementor-section-boxed elementor-section-height-default elementor-section-height-default\" data-id=\"2347619\" data-element_type=\"section\" data-e-type=\"section\">\n\t\t\t\t\t\t<div class=\"elementor-container elementor-column-gap-default\">\n\t\t\t\t\t<div class=\"elementor-column elementor-col-100 elementor-top-column elementor-element elementor-element-0c83402\" data-id=\"0c83402\" data-element_type=\"column\" data-e-type=\"column\">\n\t\t\t<div class=\"elementor-widget-wrap elementor-element-populated\">\n\t\t\t\t\t\t<div class=\"elementor-element elementor-element-2a0d2c6 bdt-custom-gallery-skin-fedara-style-center elementor-widget elementor-widget-bdt-post-gallery\" data-id=\"2a0d2c6\" data-element_type=\"widget\" data-e-type=\"widget\" data-settings=\"{&quot;columns&quot;:&quot;2&quot;,&quot;columns_tablet&quot;:&quot;2&quot;,&quot;columns_mobile&quot;:&quot;1&quot;}\" data-widget_type=\"bdt-post-gallery.default\">\n\t\t\t\t<div class=\"elementor-widget-container\">\n\t\t\t\t\t\t\t<div class=\"bdt-post-gallery-wrapper\" data-bdt-filter=\"target: #bdt-post-gallery2a0d2c6\">\r\n\r\n\t\t\t\t\t<div id=\"bdt-post-gallery-2a0d2c6\" class=\"bdt-ep-grid-filters-wrapper\" data-hash-settings=\"{&quot;id&quot;:&quot;bdt-post-gallery-2a0d2c6&quot;,&quot;activeHash&quot;:true}\">\r\n\r\n\t\t\t<button class=\"bdt-button bdt-button-default bdt-hidden@m\" type=\"button\">\r\n\t\t\t\t\t\t\t\t\tFiltrar\t\t\t\t\t\t\t<\/button>\r\n\r\n\t\t\t<div data-bdt-dropdown=\"mode: click;\" class=\"bdt-dropdown bdt-margin-remove-top bdt-margin-remove-bottom\">\r\n\t\t\t\t<ul class=\"bdt-nav bdt-dropdown-nav\">\r\n\r\n\t\t\t\t\t\t\t\t\t\t\t<li class=\"bdt-active\" data-bdt-filter-control>Todos<\/li>\r\n\t\t\t\t\t\r\n\t\t\t\t\t\t\t\t\t\t\t<li class=\"\" data-bdt-filter-control=\"[data-filter*='externas']\">\r\n\t\t\t\t\t\t\tExternas\t\t\t\t\t\t<\/li>\r\n\t\t\t\t\t\t\t\t\t\t\t<li class=\"\" data-bdt-filter-control=\"[data-filter*='geral']\">\r\n\t\t\t\t\t\t\tGeral\t\t\t\t\t\t<\/li>\r\n\t\t\t\t\t\t\t\t\t\t\t<li class=\"\" data-bdt-filter-control=\"[data-filter*='internas']\">\r\n\t\t\t\t\t\t\tInternas\t\t\t\t\t\t<\/li>\r\n\t\t\t\t\t\r\n\t\t\t\t<\/ul>\r\n\t\t\t<\/div>\r\n\r\n\t\t\t<ul id=\"bdt-ep-grid-filters2a0d2c6\" class=\"bdt-ep-grid-filters bdt-visible@m\" data-bdt-margin>\r\n\t\t\t\t<li class=\"bdt-ep-grid-filter bdt-active\" data-bdt-filter-control>\r\n\t\t\t\t\t\t\t\t\t\t\tTodos\t\t\t\t\t\t\t\t\t<\/li>\r\n\r\n\t\t\t\t\t\t\t\t\t<li class=\"bdt-ep-grid-filter\" data-bdt-filter-control=\"[data-filter*='externas']\">\r\n\t\t\t\t\t\tExternas\t\t\t\t\t<\/li>\r\n\t\t\t\t\t\t\t\t\t<li class=\"bdt-ep-grid-filter\" data-bdt-filter-control=\"[data-filter*='geral']\">\r\n\t\t\t\t\t\tGeral\t\t\t\t\t<\/li>\r\n\t\t\t\t\t\t\t\t\t<li class=\"bdt-ep-grid-filter\" data-bdt-filter-control=\"[data-filter*='internas']\">\r\n\t\t\t\t\t\tInternas\t\t\t\t\t<\/li>\r\n\t\t\t\t\t\t\t<\/ul>\r\n\t\t<\/div>\r\n\t\t\t\t<div id=\"bdt-post-gallery2a0d2c6\" class=\"bdt-post-gallery bdt-ep-grid-filter-container bdt-post-gallery-skin-default bdt-grid bdt-grid-medium\" data-bdt-grid=\"\" data-bdt-lightbox=\"toggle: .bdt-gallery-lightbox-item; animation:slide;\" data-settings=\"{&quot;id&quot;:&quot;#bdt-post-gallery2a0d2c6&quot;,&quot;tiltShow&quot;:false}\">\r\n\r\n\t\t\t\t\t<div class=\"bdt-gallery-item bdt-transition-toggle bdt-width-1-1 bdt-width-1-2@s bdt-width-1-2@m\" data-filter=\"externas internas\">\r\n\t\t\t<div class=\"bdt-post-gallery-inner\" >\r\n\t\t\t\t\t\t<div class=\"bdt-gallery-thumbnail bdt-image-mask\">\r\n\t\t\t<img fetchpriority=\"high\" decoding=\"async\" width=\"743\" height=\"743\" src=\"https:\/\/escolademuseologia.tech\/wp-content\/uploads\/2022\/12\/ladex-03.png\" class=\"attachment-full size-full\" alt=\"Ladex Museologia Unirio\" srcset=\"https:\/\/escolademuseologia.tech\/wp-content\/uploads\/2022\/12\/ladex-03.png 743w, https:\/\/escolademuseologia.tech\/wp-content\/uploads\/2022\/12\/ladex-03-300x300.png 300w, https:\/\/escolademuseologia.tech\/wp-content\/uploads\/2022\/12\/ladex-03-150x150.png 150w\" sizes=\"(max-width: 743px) 100vw, 743px\" \/>\t\t<\/div>\r\n\t\t\t<div class=\"bdt-position-cover bdt-overlay bdt-overlay-default bdt-transition-fade\">\r\n\t\t\t<div class=\"bdt-post-gallery-content\">\r\n\t\t\t\t<div class=\"bdt-gallery-content-inner\">\r\n\t\t\t\t\t\t\t<a href=\"https:\/\/escolademuseologia.tech\/?fotos=ladex-museologia-unirio\" >\r\n\t\t\t<h3 class=\"bdt-gallery-item-title bdt-margin-remove\">\r\n\t\t\t\tLadex Museologia Unirio\t\t\t<\/h3>\r\n\t\t<\/a>\r\n\t\t\t<div class=\"bdt-post-gallery-excerpt\">\r\n\t\t\t<p>Resumos s\u00e3o pequenas descri\u00e7\u00f5es opcionais do conte\u00fado do seu post feitas manualmente, que podem ser usadas em seu tema.<\/p>\n\t\t<\/div>\r\n\t\t\t\t\t\t\t<div class=\"bdt-flex-inline bdt-gallery-item-link-wrapper\">\r\n\t\t\t\t\t\t\t\t\t\t\t\t\t\t\t<a class=\"bdt-gallery-item-link bdt-gallery-lightbox-item bdt-link-icon\" data-elementor-open-lightbox=\"no\" data-caption=\"Ladex Museologia Unirio\" href=\"https:\/\/escolademuseologia.tech\/wp-content\/uploads\/2022\/12\/ladex-03.png\">\r\n\t\t\t\t\t\t\t\t\t\t\t\t\t\t\t\t\t\t\t<i class=\"ep-icon-search\" aria-hidden=\"true\"><\/i>\r\n\t\t\t\t\t\t\t\t\t\t\t\t\t\t\t\t\t<\/a>\r\n\t\t\t\t\t\t\t\r\n\t\t\t\t\t\t\t\t\t\t\t\t\t<\/div>\r\n\t\t\t\t\t\t\t\t\t<\/div>\r\n\t\t\t<\/div>\r\n\t\t<\/div>\r\n\t\t\t\t<\/div>\r\n\t\t<\/div>\r\n\t\t<div class=\"bdt-gallery-item bdt-transition-toggle bdt-width-1-1 bdt-width-1-2@s bdt-width-1-2@m\" data-filter=\"externas internas\">\r\n\t\t\t<div class=\"bdt-post-gallery-inner\" >\r\n\t\t\t\t\t\t<div class=\"bdt-gallery-thumbnail bdt-image-mask\">\r\n\t\t\t<img decoding=\"async\" width=\"1600\" height=\"1200\" src=\"https:\/\/escolademuseologia.tech\/wp-content\/uploads\/2022\/11\/NuMTeS-2.jpeg\" class=\"attachment-full size-full\" alt=\"Museologia Unirio Rio de Janeiro\" srcset=\"https:\/\/escolademuseologia.tech\/wp-content\/uploads\/2022\/11\/NuMTeS-2.jpeg 1600w, https:\/\/escolademuseologia.tech\/wp-content\/uploads\/2022\/11\/NuMTeS-2-300x225.jpeg 300w, https:\/\/escolademuseologia.tech\/wp-content\/uploads\/2022\/11\/NuMTeS-2-1024x768.jpeg 1024w, https:\/\/escolademuseologia.tech\/wp-content\/uploads\/2022\/11\/NuMTeS-2-768x576.jpeg 768w, https:\/\/escolademuseologia.tech\/wp-content\/uploads\/2022\/11\/NuMTeS-2-1536x1152.jpeg 1536w\" sizes=\"(max-width: 1600px) 100vw, 1600px\" \/>\t\t<\/div>\r\n\t\t\t<div class=\"bdt-position-cover bdt-overlay bdt-overlay-default bdt-transition-fade\">\r\n\t\t\t<div class=\"bdt-post-gallery-content\">\r\n\t\t\t\t<div class=\"bdt-gallery-content-inner\">\r\n\t\t\t\t\t\t\t<a href=\"https:\/\/escolademuseologia.tech\/?fotos=museologia-unirio-rio-de-janeiro\" >\r\n\t\t\t<h3 class=\"bdt-gallery-item-title bdt-margin-remove\">\r\n\t\t\t\tMuseologia Unirio Rio de Janeiro\t\t\t<\/h3>\r\n\t\t<\/a>\r\n\t\t\t<div class=\"bdt-post-gallery-excerpt\">\r\n\t\t\t<p>Esse \u00e9 um bloco de texto descritivo<\/p>\n\t\t<\/div>\r\n\t\t\t\t\t\t\t<div class=\"bdt-flex-inline bdt-gallery-item-link-wrapper\">\r\n\t\t\t\t\t\t\t\t\t\t\t\t\t\t\t<a class=\"bdt-gallery-item-link bdt-gallery-lightbox-item bdt-link-icon\" data-elementor-open-lightbox=\"no\" data-caption=\"Museologia Unirio Rio de Janeiro\" href=\"https:\/\/escolademuseologia.tech\/wp-content\/uploads\/2022\/11\/NuMTeS-2.jpeg\">\r\n\t\t\t\t\t\t\t\t\t\t\t\t\t\t\t\t\t\t\t<i class=\"ep-icon-search\" aria-hidden=\"true\"><\/i>\r\n\t\t\t\t\t\t\t\t\t\t\t\t\t\t\t\t\t<\/a>\r\n\t\t\t\t\t\t\t\r\n\t\t\t\t\t\t\t\t\t\t\t\t\t<\/div>\r\n\t\t\t\t\t\t\t\t\t<\/div>\r\n\t\t\t<\/div>\r\n\t\t<\/div>\r\n\t\t\t\t<\/div>\r\n\t\t<\/div>\r\n\t\t<div class=\"bdt-gallery-item bdt-transition-toggle bdt-width-1-1 bdt-width-1-2@s bdt-width-1-2@m\" data-filter=\"externas internas\">\r\n\t\t\t<div class=\"bdt-post-gallery-inner\" >\r\n\t\t\t\t\t\t<div class=\"bdt-gallery-thumbnail bdt-image-mask\">\r\n\t\t\t<img decoding=\"async\" width=\"1920\" height=\"1090\" src=\"https:\/\/escolademuseologia.tech\/wp-content\/uploads\/2022\/12\/scene00201.png\" class=\"attachment-full size-full\" alt=\"Unirio Rio de Janeiro\" srcset=\"https:\/\/escolademuseologia.tech\/wp-content\/uploads\/2022\/12\/scene00201.png 1920w, https:\/\/escolademuseologia.tech\/wp-content\/uploads\/2022\/12\/scene00201-300x170.png 300w, https:\/\/escolademuseologia.tech\/wp-content\/uploads\/2022\/12\/scene00201-1024x581.png 1024w, https:\/\/escolademuseologia.tech\/wp-content\/uploads\/2022\/12\/scene00201-768x436.png 768w, https:\/\/escolademuseologia.tech\/wp-content\/uploads\/2022\/12\/scene00201-1536x872.png 1536w\" sizes=\"(max-width: 1920px) 100vw, 1920px\" \/>\t\t<\/div>\r\n\t\t\t<div class=\"bdt-position-cover bdt-overlay bdt-overlay-default bdt-transition-fade\">\r\n\t\t\t<div class=\"bdt-post-gallery-content\">\r\n\t\t\t\t<div class=\"bdt-gallery-content-inner\">\r\n\t\t\t\t\t\t\t<a href=\"https:\/\/escolademuseologia.tech\/?fotos=unirio-rio-de-janeiro\" >\r\n\t\t\t<h3 class=\"bdt-gallery-item-title bdt-margin-remove\">\r\n\t\t\t\tUnirio Rio de Janeiro\t\t\t<\/h3>\r\n\t\t<\/a>\r\n\t\t\t<div class=\"bdt-post-gallery-excerpt\">\r\n\t\t\t<p>Esse \u00e9 um bloco de texto descritivo<\/p>\n\t\t<\/div>\r\n\t\t\t\t\t\t\t<div class=\"bdt-flex-inline bdt-gallery-item-link-wrapper\">\r\n\t\t\t\t\t\t\t\t\t\t\t\t\t\t\t<a class=\"bdt-gallery-item-link bdt-gallery-lightbox-item bdt-link-icon\" data-elementor-open-lightbox=\"no\" data-caption=\"Unirio Rio de Janeiro\" href=\"https:\/\/escolademuseologia.tech\/wp-content\/uploads\/2022\/12\/scene00201.png\">\r\n\t\t\t\t\t\t\t\t\t\t\t\t\t\t\t\t\t\t\t<i class=\"ep-icon-search\" aria-hidden=\"true\"><\/i>\r\n\t\t\t\t\t\t\t\t\t\t\t\t\t\t\t\t\t<\/a>\r\n\t\t\t\t\t\t\t\r\n\t\t\t\t\t\t\t\t\t\t\t\t\t<\/div>\r\n\t\t\t\t\t\t\t\t\t<\/div>\r\n\t\t\t<\/div>\r\n\t\t<\/div>\r\n\t\t\t\t<\/div>\r\n\t\t<\/div>\r\n\t\t<div class=\"bdt-gallery-item bdt-transition-toggle bdt-width-1-1 bdt-width-1-2@s bdt-width-1-2@m\" data-filter=\"externas\">\r\n\t\t\t<div class=\"bdt-post-gallery-inner\" >\r\n\t\t\t\t\t\t<div class=\"bdt-gallery-thumbnail bdt-image-mask\">\r\n\t\t\t<img loading=\"lazy\" decoding=\"async\" width=\"1920\" height=\"1090\" src=\"https:\/\/escolademuseologia.tech\/wp-content\/uploads\/2022\/12\/scene00025.png\" class=\"attachment-full size-full\" alt=\"Unirio \u00c1rea Externa\" srcset=\"https:\/\/escolademuseologia.tech\/wp-content\/uploads\/2022\/12\/scene00025.png 1920w, https:\/\/escolademuseologia.tech\/wp-content\/uploads\/2022\/12\/scene00025-300x170.png 300w, https:\/\/escolademuseologia.tech\/wp-content\/uploads\/2022\/12\/scene00025-1024x581.png 1024w, https:\/\/escolademuseologia.tech\/wp-content\/uploads\/2022\/12\/scene00025-768x436.png 768w, https:\/\/escolademuseologia.tech\/wp-content\/uploads\/2022\/12\/scene00025-1536x872.png 1536w\" sizes=\"(max-width: 1920px) 100vw, 1920px\" \/>\t\t<\/div>\r\n\t\t\t<div class=\"bdt-position-cover bdt-overlay bdt-overlay-default bdt-transition-fade\">\r\n\t\t\t<div class=\"bdt-post-gallery-content\">\r\n\t\t\t\t<div class=\"bdt-gallery-content-inner\">\r\n\t\t\t\t\t\t\t<a href=\"https:\/\/escolademuseologia.tech\/?fotos=unirio-area-externa\" >\r\n\t\t\t<h3 class=\"bdt-gallery-item-title bdt-margin-remove\">\r\n\t\t\t\tUnirio \u00c1rea Externa\t\t\t<\/h3>\r\n\t\t<\/a>\r\n\t\t\t<div class=\"bdt-post-gallery-excerpt\">\r\n\t\t\t\t\t<\/div>\r\n\t\t\t\t\t\t\t<div class=\"bdt-flex-inline bdt-gallery-item-link-wrapper\">\r\n\t\t\t\t\t\t\t\t\t\t\t\t\t\t\t<a class=\"bdt-gallery-item-link bdt-gallery-lightbox-item bdt-link-icon\" data-elementor-open-lightbox=\"no\" data-caption=\"Unirio \u00c1rea Externa\" href=\"https:\/\/escolademuseologia.tech\/wp-content\/uploads\/2022\/12\/scene00025.png\">\r\n\t\t\t\t\t\t\t\t\t\t\t\t\t\t\t\t\t\t\t<i class=\"ep-icon-search\" aria-hidden=\"true\"><\/i>\r\n\t\t\t\t\t\t\t\t\t\t\t\t\t\t\t\t\t<\/a>\r\n\t\t\t\t\t\t\t\r\n\t\t\t\t\t\t\t\t\t\t\t\t\t<\/div>\r\n\t\t\t\t\t\t\t\t\t<\/div>\r\n\t\t\t<\/div>\r\n\t\t<\/div>\r\n\t\t\t\t<\/div>\r\n\t\t<\/div>\r\n\r\n\t\t\t<\/div>\r\n\t\t<\/div>\r\n\t\t\t\t<div class=\"ep-pagination\">\r\n\t\t\t\t\t\t\t<\/div>\r\n\t\t\t\t\t\t<\/div>\n\t\t\t\t<\/div>\n\t\t\t\t\t<\/div>\n\t\t<\/div>\n\t\t\t\t\t<\/div>\n\t\t<\/section>\n\t\t\t\t<\/div>\n\t\t","protected":false},"excerpt":{"rendered":"<p>Filtrar Todos Externas Geral Internas Todos Externas Geral Internas Ladex Museologia Unirio Resumos s\u00e3o pequenas descri\u00e7\u00f5es opcionais do conte\u00fado do seu post feitas manualmente, que podem ser usadas em seu tema. Museologia Unirio Rio de Janeiro Esse \u00e9 um bloco de texto descritivo Unirio Rio de Janeiro Esse \u00e9 um bloco de texto descritivo Unirio [&hellip;]<\/p>\n","protected":false},"author":1,"featured_media":0,"parent":0,"menu_order":0,"comment_status":"closed","ping_status":"closed","template":"elementor_header_footer","meta":{"footnotes":""},"class_list":["post-1123","page","type-page","status-publish","hentry"],"_links":{"self":[{"href":"https:\/\/escolademuseologia.tech\/index.php?rest_route=\/wp\/v2\/pages\/1123","targetHints":{"allow":["GET"]}}],"collection":[{"href":"https:\/\/escolademuseologia.tech\/index.php?rest_route=\/wp\/v2\/pages"}],"about":[{"href":"https:\/\/escolademuseologia.tech\/index.php?rest_route=\/wp\/v2\/types\/page"}],"author":[{"embeddable":true,"href":"https:\/\/escolademuseologia.tech\/index.php?rest_route=\/wp\/v2\/users\/1"}],"replies":[{"embeddable":true,"href":"https:\/\/escolademuseologia.tech\/index.php?rest_route=%2Fwp%2Fv2%2Fcomments&post=1123"}],"version-history":[{"count":31,"href":"https:\/\/escolademuseologia.tech\/index.php?rest_route=\/wp\/v2\/pages\/1123\/revisions"}],"predecessor-version":[{"id":1164,"href":"https:\/\/escolademuseologia.tech\/index.php?rest_route=\/wp\/v2\/pages\/1123\/revisions\/1164"}],"wp:attachment":[{"href":"https:\/\/escolademuseologia.tech\/index.php?rest_route=%2Fwp%2Fv2%2Fmedia&parent=1123"}],"curies":[{"name":"wp","href":"https:\/\/api.w.org\/{rel}","templated":true}]}}