{"id":2051,"date":"2022-12-07T14:01:01","date_gmt":"2022-12-07T17:01:01","guid":{"rendered":"https:\/\/escolademuseologia.tech\/?page_id=2051"},"modified":"2024-08-01T15:39:36","modified_gmt":"2024-08-01T18:39:36","slug":"laboratorios","status":"publish","type":"page","link":"https:\/\/escolademuseologia.tech\/?page_id=2051","title":{"rendered":"Laborat\u00f3rios"},"content":{"rendered":"\t\t<div data-elementor-type=\"wp-page\" data-elementor-id=\"2051\" class=\"elementor elementor-2051\">\n\t\t\t\t\t\t<section class=\"elementor-section elementor-top-section elementor-element elementor-element-2178dd8c elementor-section-boxed elementor-section-height-default elementor-section-height-default\" data-id=\"2178dd8c\" data-element_type=\"section\" data-e-type=\"section\" data-settings=\"{&quot;background_background&quot;:&quot;classic&quot;}\">\n\t\t\t\t\t\t<div class=\"elementor-container elementor-column-gap-wider\">\n\t\t\t\t\t<div class=\"elementor-column elementor-col-50 elementor-top-column elementor-element elementor-element-62525a07\" data-id=\"62525a07\" data-element_type=\"column\" data-e-type=\"column\">\n\t\t\t<div class=\"elementor-widget-wrap elementor-element-populated\">\n\t\t\t\t\t\t<div class=\"elementor-element elementor-element-5e2083e elementor-widget elementor-widget-image\" data-id=\"5e2083e\" data-element_type=\"widget\" data-e-type=\"widget\" data-widget_type=\"image.default\">\n\t\t\t\t<div class=\"elementor-widget-container\">\n\t\t\t\t\t\t\t\t\t\t\t\t\t\t\t\t<a href=\"#\">\n\t\t\t\t\t\t\t<img fetchpriority=\"high\" decoding=\"async\" width=\"800\" height=\"454\" src=\"https:\/\/escolademuseologia.tech\/wp-content\/uploads\/2022\/12\/scene00005-1024x581.png\" class=\"attachment-large size-large wp-image-1041\" alt=\"\" srcset=\"https:\/\/escolademuseologia.tech\/wp-content\/uploads\/2022\/12\/scene00005-1024x581.png 1024w, https:\/\/escolademuseologia.tech\/wp-content\/uploads\/2022\/12\/scene00005-e1670525602362.png 300w, https:\/\/escolademuseologia.tech\/wp-content\/uploads\/2022\/12\/scene00005-768x436.png 768w, https:\/\/escolademuseologia.tech\/wp-content\/uploads\/2022\/12\/scene00005-1536x872.png 1536w\" sizes=\"(max-width: 800px) 100vw, 800px\" \/>\t\t\t\t\t\t\t\t<\/a>\n\t\t\t\t\t\t\t\t\t\t\t\t\t\t\t<\/div>\n\t\t\t\t<\/div>\n\t\t\t\t\t<\/div>\n\t\t<\/div>\n\t\t\t\t<div class=\"elementor-column elementor-col-50 elementor-top-column elementor-element elementor-element-10a08fb7\" data-id=\"10a08fb7\" data-element_type=\"column\" data-e-type=\"column\">\n\t\t\t<div class=\"elementor-widget-wrap elementor-element-populated\">\n\t\t\t\t\t\t<div class=\"elementor-element elementor-element-1254aef6 elementor-widget elementor-widget-text-editor\" data-id=\"1254aef6\" data-element_type=\"widget\" data-e-type=\"widget\" data-widget_type=\"text-editor.default\">\n\t\t\t\t<div class=\"elementor-widget-container\">\n\t\t\t\t\t\t\t\t\t<p><span style=\"font-family: Arial, Helvetica, sans-serif; font-size: 15px; font-style: normal;\">Os laborat\u00f3rios, coordenados por docentes dos cursos de Museologia Integral e Noturno, s\u00e3o espa\u00e7os de experimenta\u00e7\u00e3o, com fins did\u00e1ticos, podendo ser usados no \u00e2mbito de atividades de ensino, pesquisa e\/ou extens\u00e3o.\u00a0<\/span><\/p>\t\t\t\t\t\t\t\t<\/div>\n\t\t\t\t<\/div>\n\t\t\t\t<div class=\"elementor-element elementor-element-3c443075 elementor-widget-divider--view-line elementor-widget elementor-widget-divider\" data-id=\"3c443075\" data-element_type=\"widget\" data-e-type=\"widget\" data-widget_type=\"divider.default\">\n\t\t\t\t<div class=\"elementor-widget-container\">\n\t\t\t\t\t\t\t<div class=\"elementor-divider\">\n\t\t\t<span class=\"elementor-divider-separator\">\n\t\t\t\t\t\t<\/span>\n\t\t<\/div>\n\t\t\t\t\t\t<\/div>\n\t\t\t\t<\/div>\n\t\t\t\t<div class=\"elementor-element elementor-element-389dc3b7 elementor-icon-list--layout-traditional elementor-list-item-link-full_width elementor-widget elementor-widget-icon-list\" data-id=\"389dc3b7\" data-element_type=\"widget\" data-e-type=\"widget\" data-widget_type=\"icon-list.default\">\n\t\t\t\t<div class=\"elementor-widget-container\">\n\t\t\t\t\t\t\t<ul class=\"elementor-icon-list-items\">\n\t\t\t\t\t\t\t<li class=\"elementor-icon-list-item\">\n\t\t\t\t\t\t\t\t\t\t\t<a href=\"http:\/\/www.unirio.br\/cch\/museologia\/\">\n\n\t\t\t\t\t\t\t\t\t\t\t\t<span class=\"elementor-icon-list-icon\">\n\t\t\t\t\t\t\t<i aria-hidden=\"true\" class=\"fas fa-check\"><\/i>\t\t\t\t\t\t<\/span>\n\t\t\t\t\t\t\t\t\t\t<span class=\"elementor-icon-list-text\">Acesse tamb\u00e9m o site Institucional: http:\/\/www.unirio.br\/cch\/museologia\/<\/span>\n\t\t\t\t\t\t\t\t\t\t\t<\/a>\n\t\t\t\t\t\t\t\t\t<\/li>\n\t\t\t\t\t\t<\/ul>\n\t\t\t\t\t\t<\/div>\n\t\t\t\t<\/div>\n\t\t\t\t<div class=\"elementor-element elementor-element-53cba6e elementor-icon-list--layout-traditional elementor-list-item-link-full_width elementor-widget elementor-widget-icon-list\" data-id=\"53cba6e\" data-element_type=\"widget\" data-e-type=\"widget\" data-widget_type=\"icon-list.default\">\n\t\t\t\t<div class=\"elementor-widget-container\">\n\t\t\t\t\t\t\t<ul class=\"elementor-icon-list-items\">\n\t\t\t\t\t\t\t<li class=\"elementor-icon-list-item\">\n\t\t\t\t\t\t\t\t\t\t\t<a href=\"https:\/\/docs.google.com\/spreadsheets\/d\/19qUj6pjB6gn3UMtTKSS8-3KnNttnAkUg9y4lRC9Bnqk\/edit?usp=sharing\" target=\"_blank\">\n\n\t\t\t\t\t\t\t\t\t\t\t\t<span class=\"elementor-icon-list-icon\">\n\t\t\t\t\t\t\t<i aria-hidden=\"true\" class=\"fas fa-check\"><\/i>\t\t\t\t\t\t<\/span>\n\t\t\t\t\t\t\t\t\t\t<span class=\"elementor-icon-list-text\">Acesse tamb\u00e9m a rela\u00e7\u00e3o de laborat\u00f3rios existentes ( nome do coordenador, site, processo SEI, etc.) :    https:\/\/docs.google.com\/spreadsheets\/d\/19qUj6pjB6gn3UMtTKSS8-3KnNttnAkUg9y4lRC9Bnqk\/edit?usp=sharing<\/span>\n\t\t\t\t\t\t\t\t\t\t\t<\/a>\n\t\t\t\t\t\t\t\t\t<\/li>\n\t\t\t\t\t\t<\/ul>\n\t\t\t\t\t\t<\/div>\n\t\t\t\t<\/div>\n\t\t\t\t<div class=\"elementor-element elementor-element-123f2f0 bdt-ss-btns-view-icon bdt-ss-btns-style-flat bdt-ss-btns-shape-square bdt-ss-btns-color-original elementor-widget elementor-widget-bdt-social-share\" data-id=\"123f2f0\" data-element_type=\"widget\" data-e-type=\"widget\" data-widget_type=\"bdt-social-share.default\">\n\t\t\t\t<div class=\"elementor-widget-container\">\n\t\t\t\t\t\t\t<div class=\"bdt-social-share bdt-ep-grid\">\n\t\t\t\t\t\t\t<div class=\"bdt-social-share-item bdt-ep-grid-item\">\n\t\t\t\t\t<div class=\"bdt-ss-btn bdt-ss-facebook\" data-social=\"facebook\">\n\t\t\t\t\t\t\t\t\t\t\t\t\t<span class=\"bdt-ss-icon\">\n\t\t\t\t\t\t\t\t<i class=\"ep-icon-facebook\"><\/i>\n\t\t\t\t\t\t\t<\/span>\n\t\t\t\t\t\t\t\t\t\t\t\t\t\t\t\t\t<\/div>\n\t\t\t\t<\/div>\n\t\t\t\t\t\t<\/div>\n\n\t\t\n\t\t\t\t\t\t<\/div>\n\t\t\t\t<\/div>\n\t\t\t\t<div class=\"elementor-element elementor-element-231b09bb elementor-widget elementor-widget-button\" data-id=\"231b09bb\" data-element_type=\"widget\" data-e-type=\"widget\" data-widget_type=\"button.default\">\n\t\t\t\t<div class=\"elementor-widget-container\">\n\t\t\t\t\t\t\t\t\t<div class=\"elementor-button-wrapper\">\n\t\t\t\t\t<a class=\"elementor-button elementor-button-link elementor-size-md\" href=\"http:\/\/www.unirio.br\/cch\/museologia\/laboratorios\">\n\t\t\t\t\t\t<span class=\"elementor-button-content-wrapper\">\n\t\t\t\t\t\t\t\t\t<span class=\"elementor-button-text\">Saiba Mais...<\/span>\n\t\t\t\t\t<\/span>\n\t\t\t\t\t<\/a>\n\t\t\t\t<\/div>\n\t\t\t\t\t\t\t\t<\/div>\n\t\t\t\t<\/div>\n\t\t\t\t\t<\/div>\n\t\t<\/div>\n\t\t\t\t\t<\/div>\n\t\t<\/section>\n\t\t\t\t<section class=\"elementor-section elementor-top-section elementor-element elementor-element-7c2ccff elementor-section-boxed elementor-section-height-default elementor-section-height-default\" data-id=\"7c2ccff\" data-element_type=\"section\" data-e-type=\"section\">\n\t\t\t\t\t\t<div class=\"elementor-container elementor-column-gap-default\">\n\t\t\t\t\t<div class=\"elementor-column elementor-col-100 elementor-top-column elementor-element elementor-element-ffa01d0\" data-id=\"ffa01d0\" data-element_type=\"column\" data-e-type=\"column\">\n\t\t\t<div class=\"elementor-widget-wrap elementor-element-populated\">\n\t\t\t\t\t\t<div class=\"elementor-element elementor-element-57473fd elementor--h-position-right elementor--v-position-bottom elementor-arrows-position-inside elementor-pagination-position-inside elementor-widget elementor-widget-slides\" data-id=\"57473fd\" data-element_type=\"widget\" data-e-type=\"widget\" data-settings=\"{&quot;navigation&quot;:&quot;both&quot;,&quot;autoplay&quot;:&quot;yes&quot;,&quot;pause_on_hover&quot;:&quot;yes&quot;,&quot;pause_on_interaction&quot;:&quot;yes&quot;,&quot;autoplay_speed&quot;:5000,&quot;infinite&quot;:&quot;yes&quot;,&quot;transition&quot;:&quot;slide&quot;,&quot;transition_speed&quot;:500}\" data-widget_type=\"slides.default\">\n\t\t\t\t<div class=\"elementor-widget-container\">\n\t\t\t\t\t\t\t<div class=\"elementor-swiper\">\n\t\t\t<div class=\"elementor-slides-wrapper elementor-main-swiper swiper-container\" dir=\"ltr\" data-animation=\"fadeInUp\">\n\t\t\t\t<div class=\"swiper-wrapper elementor-slides\">\n\t\t\t\t\t\t\t\t\t\t<div class=\"elementor-repeater-item-259d445 swiper-slide\"><div class=\"swiper-slide-bg\"><\/div><a class=\"swiper-slide-inner\" href=\"http:\/\/www.unirio.br\/cch\/museologia\/ladex\" target=\"_blank\"><div class=\"swiper-slide-contents\"><div  class=\"elementor-button elementor-slide-button elementor-size-sm\">Laborat\u00f3rio de Desenvolvimento de Exposi\u00e7\u00f5es - LADEX.     Clique aqui!!!<\/div><\/div><\/a><\/div><div class=\"elementor-repeater-item-cb43db7 swiper-slide\"><div class=\"swiper-slide-bg\"><\/div><a class=\"swiper-slide-inner\" href=\"http:\/\/www.museologiaexperimental.org\/\" target=\"_blank\"><div class=\"swiper-slide-contents\"><div  class=\"elementor-button elementor-slide-button elementor-size-sm\">Laborat\u00f3rio de Museologia Experimental e imagem - LAB MEX. Clique Aqui !!!<\/div><\/div><\/a><\/div><div class=\"elementor-repeater-item-35c4d8a swiper-slide\"><div class=\"swiper-slide-bg\"><\/div><a class=\"swiper-slide-inner\" href=\"https:\/\/nugepunirio.org\/\" target=\"_blank\"><div class=\"swiper-slide-contents\"><div  class=\"elementor-button elementor-slide-button elementor-size-sm\">N\u00facleo Multidimensional de Gest\u00e3o do Patrim\u00f4nio e de Documenta\u00e7\u00e3o em Museus - NUGEP.  Clique Aqui !!!<\/div><\/div><\/a><\/div><div class=\"elementor-repeater-item-285731c swiper-slide\"><div class=\"swiper-slide-bg\"><\/div><a class=\"swiper-slide-inner\" href=\"http:\/\/www.unirio.br\/cch\/museologia\/nuprecon\" target=\"_blank\"><div class=\"swiper-slide-contents\"><div  class=\"elementor-button elementor-slide-button elementor-size-sm\">N\u00facleo de Preserva\u00e7\u00e3o e Conserva\u00e7\u00e3o Violeta Cheniau.  Clique Aqui !!!<\/div><\/div><\/a><\/div><div class=\"elementor-repeater-item-642552f swiper-slide\"><div class=\"swiper-slide-bg\"><\/div><a class=\"swiper-slide-inner\" href=\"https:\/\/redemoitara.net\/numtes\" target=\"_blank\"><div class=\"swiper-slide-contents\"><div  class=\"elementor-button elementor-slide-button elementor-size-sm\">N\u00facleo de Museologia, Territ\u00f3rio e Sociedade   - NUMTES.  Clique Aqui !!!<\/div><\/div><\/a><\/div><div class=\"elementor-repeater-item-7ad9b03 swiper-slide\"><div class=\"swiper-slide-bg\"><\/div><a class=\"swiper-slide-inner\" href=\"https:\/\/www.facebook.com\/nummus.unirio\/\" target=\"_blank\"><div class=\"swiper-slide-contents\"><div class=\"elementor-slide-heading\">NuMMUS<\/div><div  class=\"elementor-button elementor-slide-button elementor-size-sm\">N\u00facleo de Mem\u00f3ria da Museologia no Brasil- NUMMUS .  Clique Aqui !!!<\/div><\/div><\/a><\/div><div class=\"elementor-repeater-item-ad56323 swiper-slide\"><div class=\"swiper-slide-bg\"><\/div><a class=\"swiper-slide-inner\" href=\"https:\/\/museologiavirtual.unirio.br\/\" target=\"_blank\" museologia=\"\"><div class=\"swiper-slide-contents\"><div  class=\"elementor-button elementor-slide-button elementor-size-sm\">Museologia Virtual Lab<\/div><\/div><\/a><\/div>\t\t\t\t<\/div>\n\t\t\t\t\t\t\t\t\t\t\t\t\t\t\t<div class=\"swiper-pagination\"><\/div>\n\t\t\t\t\t\t\t\t\t\t\t\t\t\t\t\t<div class=\"elementor-swiper-button elementor-swiper-button-prev\">\n\t\t\t\t\t\t\t<i aria-hidden=\"true\" class=\"eicon-chevron-left\"><\/i>\t\t\t\t\t\t\t<span class=\"elementor-screen-only\">Previous<\/span>\n\t\t\t\t\t\t<\/div>\n\t\t\t\t\t\t<div class=\"elementor-swiper-button elementor-swiper-button-next\">\n\t\t\t\t\t\t\t<i aria-hidden=\"true\" class=\"eicon-chevron-right\"><\/i>\t\t\t\t\t\t\t<span class=\"elementor-screen-only\">Next<\/span>\n\t\t\t\t\t\t<\/div>\n\t\t\t\t\t\t\t\t\t\t\t\t<\/div>\n\t\t<\/div>\n\t\t\t\t\t\t<\/div>\n\t\t\t\t<\/div>\n\t\t\t\t\t<\/div>\n\t\t<\/div>\n\t\t\t\t\t<\/div>\n\t\t<\/section>\n\t\t\t\t<\/div>\n\t\t","protected":false},"excerpt":{"rendered":"<p>Os laborat\u00f3rios, coordenados por docentes dos cursos de Museologia Integral e Noturno, s\u00e3o espa\u00e7os de experimenta\u00e7\u00e3o, com fins did\u00e1ticos, podendo ser usados no \u00e2mbito de atividades de ensino, pesquisa e\/ou extens\u00e3o.\u00a0 Acesse tamb\u00e9m o site Institucional: http:\/\/www.unirio.br\/cch\/museologia\/ Acesse tamb\u00e9m a rela\u00e7\u00e3o de laborat\u00f3rios existentes ( nome do coordenador, site, processo SEI, etc.) : https:\/\/docs.google.com\/spreadsheets\/d\/19qUj6pjB6gn3UMtTKSS8-3KnNttnAkUg9y4lRC9Bnqk\/edit?usp=sharing Saiba [&hellip;]<\/p>\n","protected":false},"author":1,"featured_media":0,"parent":0,"menu_order":0,"comment_status":"closed","ping_status":"closed","template":"","meta":{"footnotes":""},"class_list":["post-2051","page","type-page","status-publish","hentry"],"_links":{"self":[{"href":"https:\/\/escolademuseologia.tech\/index.php?rest_route=\/wp\/v2\/pages\/2051","targetHints":{"allow":["GET"]}}],"collection":[{"href":"https:\/\/escolademuseologia.tech\/index.php?rest_route=\/wp\/v2\/pages"}],"about":[{"href":"https:\/\/escolademuseologia.tech\/index.php?rest_route=\/wp\/v2\/types\/page"}],"author":[{"embeddable":true,"href":"https:\/\/escolademuseologia.tech\/index.php?rest_route=\/wp\/v2\/users\/1"}],"replies":[{"embeddable":true,"href":"https:\/\/escolademuseologia.tech\/index.php?rest_route=%2Fwp%2Fv2%2Fcomments&post=2051"}],"version-history":[{"count":61,"href":"https:\/\/escolademuseologia.tech\/index.php?rest_route=\/wp\/v2\/pages\/2051\/revisions"}],"predecessor-version":[{"id":5036,"href":"https:\/\/escolademuseologia.tech\/index.php?rest_route=\/wp\/v2\/pages\/2051\/revisions\/5036"}],"wp:attachment":[{"href":"https:\/\/escolademuseologia.tech\/index.php?rest_route=%2Fwp%2Fv2%2Fmedia&parent=2051"}],"curies":[{"name":"wp","href":"https:\/\/api.w.org\/{rel}","templated":true}]}}