{"id":602,"date":"2022-12-01T00:50:19","date_gmt":"2022-12-01T03:50:19","guid":{"rendered":"https:\/\/escolademuseologia.tech\/?page_id=602"},"modified":"2024-03-11T18:36:35","modified_gmt":"2024-03-11T21:36:35","slug":"apresentacao-da-direcao","status":"publish","type":"page","link":"https:\/\/escolademuseologia.tech\/?page_id=602","title":{"rendered":"Apresenta\u00e7\u00e3o da Dire\u00e7\u00e3o"},"content":{"rendered":"\t\t<div data-elementor-type=\"wp-page\" data-elementor-id=\"602\" class=\"elementor elementor-602\">\n\t\t\t\t\t\t<section class=\"elementor-section elementor-top-section elementor-element elementor-element-4cbeb3d elementor-section-full_width elementor-section-stretched elementor-section-height-default elementor-section-height-default\" data-id=\"4cbeb3d\" data-element_type=\"section\" data-e-type=\"section\" data-settings=\"{&quot;stretch_section&quot;:&quot;section-stretched&quot;}\">\n\t\t\t\t\t\t<div class=\"elementor-container elementor-column-gap-no\">\n\t\t\t\t\t<div class=\"elementor-column elementor-col-33 elementor-top-column elementor-element elementor-element-3a4b1f6\" data-id=\"3a4b1f6\" data-element_type=\"column\" data-e-type=\"column\">\n\t\t\t<div class=\"elementor-widget-wrap elementor-element-populated\">\n\t\t\t\t\t\t<div class=\"elementor-element elementor-element-8f194ff elementor-widget elementor-widget-image\" data-id=\"8f194ff\" data-element_type=\"widget\" data-e-type=\"widget\" data-widget_type=\"image.default\">\n\t\t\t\t<div class=\"elementor-widget-container\">\n\t\t\t\t\t\t\t\t\t\t\t\t\t\t\t<img decoding=\"async\" src=\"https:\/\/escolademuseologia.tech\/wp-content\/uploads\/2022\/12\/ivan-coelho-de-sa.jpg\" title=\"ivan-coelho-de-sa\" alt=\"ivan-coelho-de-sa\" loading=\"lazy\" \/>\t\t\t\t\t\t\t\t\t\t\t\t\t\t\t<\/div>\n\t\t\t\t<\/div>\n\t\t\t\t\t<\/div>\n\t\t<\/div>\n\t\t\t\t<div class=\"elementor-column elementor-col-66 elementor-top-column elementor-element elementor-element-205ca1c\" data-id=\"205ca1c\" data-element_type=\"column\" data-e-type=\"column\">\n\t\t\t<div class=\"elementor-widget-wrap elementor-element-populated\">\n\t\t\t\t\t\t<div class=\"elementor-element elementor-element-c40e760 elementor-widget elementor-widget-text-editor\" data-id=\"c40e760\" data-element_type=\"widget\" data-e-type=\"widget\" data-widget_type=\"text-editor.default\">\n\t\t\t\t<div class=\"elementor-widget-container\">\n\t\t\t\t\t\t\t\t\t<p style=\"text-align: justify;\"><span style=\"color: #000000;\"><strong style=\"font-family: var( --e-global-typography-text-font-family ), Sans-serif; font-size: 32px;\">Escola de Museologia da UniRio<\/strong><\/span><\/p><p style=\"text-align: justify;\"><span style=\"color: #000000;\"><strong style=\"font-family: var( --e-global-typography-text-font-family ), Sans-serif; font-size: 1rem;\">Autor: <\/strong><span style=\"font-family: var( --e-global-typography-text-font-family ), Sans-serif; font-size: 1rem;\">Prof. Dr. Ivan Coelho de S\u00e1<\/span><\/span><\/p><p class=\"MsoNormal\" style=\"margin: 0cm 0cm 0.0001pt; color: #222222; text-align: justify; line-height: normal; font-size: 11pt; font-family: Calibri, sans-serif;\"><span style=\"font-family: 'Times New Roman', serif;\">A\u00a0<b>Escola de Museologia-EM<\/b>\u00a0integra o Centro de Ci\u00eancias Humanas e Sociais-CCH, da Universidade Federal do Estado do Rio de Janeiro-UNIRIO, conjuntamente \u00e0s Escolas de Arquivologia, Biblioteconomia, Hist\u00f3ria, Pedagogia, Servi\u00e7o Social e Turismo, e \u00e0s Faculdades de Ci\u00eancias Sociais e Filosofia.\u00a0<\/span><\/p><p class=\"MsoNormal\" style=\"margin: 0cm 0cm 0.0001pt; color: #222222; text-align: justify; line-height: normal; font-size: 11pt; font-family: Calibri, sans-serif;\"><span style=\"font-family: 'Times New Roman', serif;\">\u00a0<\/span><\/p><p class=\"MsoNormal\" style=\"margin: 0cm 0cm 0.0001pt; color: #222222; text-align: justify; line-height: normal; font-size: 11pt; font-family: Calibri, sans-serif;\"><span style=\"font-family: 'Times New Roman', serif;\">A Escola de Museologia oferece o\u00a0<b>Curso de Museologia-Integral<\/b>, manh\u00e3 e tarde, estruturado em, no m\u00ednimo, 8 per\u00edodos e admitindo o m\u00e1ximo de 14 per\u00edodos; e o\u00a0<b>Curso de Museologia-Noturno<\/b>\u00a0oferecido em 10 per\u00edodos no seu prazo m\u00ednimo e com o m\u00e1ximo de 16 para integraliza\u00e7\u00e3o.\u00a0<\/span><\/p><p class=\"MsoNormal\" style=\"margin: 0cm 0cm 0.0001pt; color: #222222; text-align: justify; line-height: normal; font-size: 11pt; font-family: Calibri, sans-serif;\"><span style=\"font-family: 'Times New Roman', serif;\">\u00a0<\/span><\/p><p class=\"MsoNormal\" style=\"margin: 0cm 0cm 0.0001pt; color: #222222; text-align: justify; line-height: normal; font-size: 11pt; font-family: Calibri, sans-serif;\"><span style=\"font-family: 'Times New Roman', serif;\">A forma\u00e7\u00e3o em Museologia no Brasil surgiu h\u00e1 mais de nove d\u00e9cadas com a implanta\u00e7\u00e3o, no Museu Hist\u00f3rico Nacional-MHN, do Curso de Museus, criado pelo Decreto 21.129, de 07\/03\/1932.<\/span><\/p><p class=\"MsoNormal\" style=\"margin: 0cm 0cm 0.0001pt; color: #222222; text-align: justify; line-height: normal; font-size: 11pt; font-family: Calibri, sans-serif;\"><span style=\"font-family: 'Times New Roman', serif;\">\u00a0<\/span><\/p><p class=\"MsoNormal\" style=\"margin: 0cm 0cm 0.0001pt; color: #222222; text-align: justify; line-height: normal; font-size: 11pt; font-family: Calibri, sans-serif;\"><span style=\"font-family: 'Times New Roman', serif;\">Na d\u00e9cada de 1970, ap\u00f3s funcionar por mais de quarenta anos no MHN, o Curso de Museus passou por um movimento de reformula\u00e7\u00e3o que visava atualizar sua matriz curricular, conforme as diretrizes do Minist\u00e9rio da Educa\u00e7\u00e3o, preparando sua eminente transfer\u00eancia para o contexto universit\u00e1rio.\u00a0<\/span><\/p><p class=\"MsoNormal\" style=\"margin: 0cm 0cm 0.0001pt; color: #222222; text-align: justify; line-height: normal; font-size: 11pt; font-family: Calibri, sans-serif;\"><span style=\"font-family: 'Times New Roman', serif;\">\u00a0<\/span><\/p><p class=\"MsoNormal\" style=\"margin: 0cm 0cm 0.0001pt; color: #222222; text-align: justify; line-height: normal; font-size: 11pt; font-family: Calibri, sans-serif;\"><span style=\"font-family: 'Times New Roman', serif;\">Ap\u00f3s negocia\u00e7\u00f5es entre a dire\u00e7\u00e3o do MHN e a\u00a0<b>Federa\u00e7\u00e3o das Escolas Federais Isoladas do Estado do Rio de Janeiro-FEFIERJ<\/b>, o Decreto 79.723, de 24\/05\/1977, formalizou a absor\u00e7\u00e3o do Curso de Museus \u00e0 estrutura acad\u00eamica desta entidade que reunia outros cursos superiores mantidos em institui\u00e7\u00f5es federais do Rio de Janeiro, passando a ser denominado\u00a0<b>Curso de Museologia.<\/b><\/span><\/p><p class=\"MsoNormal\" style=\"margin: 0cm 0cm 0.0001pt; color: #222222; text-align: justify; line-height: normal; font-size: 11pt; font-family: Calibri, sans-serif;\"><span style=\"font-family: 'Times New Roman', serif;\">\u00a0<\/span><\/p><p class=\"MsoNormal\" style=\"margin: 0cm 0cm 0.0001pt; color: #222222; text-align: justify; line-height: normal; font-size: 11pt; font-family: Calibri, sans-serif;\"><span style=\"font-family: 'Times New Roman', serif;\">Dois anos depois, o Curso de Museologia \u00e9 transferido das instala\u00e7\u00f5es do MHN para o rec\u00e9m-inaugurado Pr\u00e9dio do CCH, \u00e0 Rua Xavier Sigaud, na Urca. Neste mesmo ano, a FEFIERJ fora transformada em\u00a0<b>Universidade do Rio de Janeiro-Uni-Rio<\/b>\u00a0pela Lei 6.655, de 05\/06\/1979. Em 1996 \u00e9 inaugurado o novo Pr\u00e9dio do CCH, na Avenida Pasteur, 458, onde este Centro funciona na atualidade. No in\u00edcio dos anos 2000, a Lei 10.750, de 24\/10\/2003, alterou a denomina\u00e7\u00e3o da Uni-Rio para\u00a0<b>Universidade Federal do Estado do Rio de Janeiro, mantendo-se a mesma sigla, mas com letras mai\u00fasculas: UNIRIO<\/b>.\u00a0<\/span><\/p><p class=\"MsoNormal\" style=\"margin: 0cm 0cm 0.0001pt; color: #222222; text-align: justify; line-height: normal; font-size: 11pt; font-family: Calibri, sans-serif;\"><span style=\"font-family: 'Times New Roman', serif;\">\u00a0<\/span><\/p><p class=\"MsoNormal\" style=\"margin: 0cm 0cm 0.0001pt; color: #222222; text-align: justify; line-height: normal; font-size: 11pt; font-family: Calibri, sans-serif;\"><span style=\"font-family: 'Times New Roman', serif;\">Ao longo destas mais de nove d\u00e9cadas de hist\u00f3ria, tanto no \u00e2mbito do MHN quanto da FEFIERJ\/Uni-Rio\/UNIRIO, o Curso de Museologia passou por um longo processo de aprendizado vivenciando in\u00fameros dificuldades e empecilhos, em geral, oriundos da aus\u00eancia cr\u00f4nica de Pol\u00edticas de Estado para a Educa\u00e7\u00e3o e a Cultura, em especial para os Museus. Por outro lado, as dificuldades enfrentadas possibilitaram rea\u00e7\u00f5es de supera\u00e7\u00e3o que ocasionaram tamb\u00e9m importantes avan\u00e7os e conquistas que convergiram para as quest\u00f5es contempor\u00e2neas do pr\u00f3prio campo da Museologia e que refletiam as constantes demandas da Sociedade.\u00a0<\/span><\/p><p class=\"MsoNormal\" style=\"margin: 0cm 0cm 0.0001pt; color: #222222; text-align: justify; line-height: normal; font-size: 11pt; font-family: Calibri, sans-serif;\"><span style=\"font-family: 'Times New Roman', serif;\">\u00a0<\/span><\/p><p class=\"MsoNormal\" style=\"margin: 0cm 0cm 0.0001pt; color: #222222; text-align: justify; line-height: normal; font-size: 11pt; font-family: Calibri, sans-serif;\"><span style=\"font-family: 'Times New Roman', serif;\">Por ser um campo de conhecimento potencialmente human\u00edstico voltado para a pesquisa, a valoriza\u00e7\u00e3o e a preserva\u00e7\u00e3o dos Patrim\u00f4nios, das Culturas e das Mem\u00f3rias, a Museologia se torna naturalmente sens\u00edvel aos princ\u00edpios democr\u00e1ticos, \u00e0s demandas da Sociedade e \u00e0s pol\u00edticas p\u00fablicas de inclus\u00e3o e respeito \u00e0s diversidades humanas.\u00a0<\/span><\/p><p class=\"MsoNormal\" style=\"margin: 0cm 0cm 0.0001pt; color: #222222; text-align: justify; line-height: normal; font-size: 11pt; font-family: Calibri, sans-serif;\"><span style=\"font-family: 'Times New Roman', serif;\">\u00a0<\/span><\/p><p class=\"MsoNormal\" style=\"margin: 0cm 0cm 0.0001pt; color: #222222; text-align: justify; line-height: normal; font-size: 11pt; font-family: Calibri, sans-serif;\"><span style=\"font-family: 'Times New Roman', serif;\">A proposta \u00e9 que este site possa ser um canal de comunica\u00e7\u00e3o tanto com a comunidade interna quanto externa, e trazer informa\u00e7\u00f5es que possam esclarecer sobre a estrutura e o funcionamento, bem como divulgar as realiza\u00e7\u00f5es dos Cursos de Museologia-Integral e Noturno.\u00a0<\/span><\/p><p class=\"MsoNormal\" style=\"margin: 0cm 0cm 0.0001pt; color: #222222; text-align: justify; line-height: normal; font-size: 11pt; font-family: Calibri, sans-serif;\"><span style=\"font-family: 'Times New Roman', serif;\">\u00a0<\/span><\/p><p class=\"MsoNormal\" style=\"margin: 0cm 0cm 0.0001pt; color: #222222; text-align: justify; line-height: normal; font-size: 11pt; font-family: Calibri, sans-serif;\"><b><span style=\"font-family: 'Times New Roman', serif;\">Sintam-se acolhidas (os), todas, todos e todes!!!<\/span><\/b><\/p><p style=\"text-align: justify;\">\u00a0<\/p><p style=\"text-align: justify;\">\u00a0<\/p>\t\t\t\t\t\t\t\t<\/div>\n\t\t\t\t<\/div>\n\t\t\t\t\t<\/div>\n\t\t<\/div>\n\t\t\t\t\t<\/div>\n\t\t<\/section>\n\t\t\t\t<\/div>\n\t\t","protected":false},"excerpt":{"rendered":"<p>Escola de Museologia da UniRio Autor: Prof. Dr. Ivan Coelho de S\u00e1 A\u00a0Escola de Museologia-EM\u00a0integra o Centro de Ci\u00eancias Humanas e Sociais-CCH, da Universidade Federal do Estado do Rio de Janeiro-UNIRIO, conjuntamente \u00e0s Escolas de Arquivologia, Biblioteconomia, Hist\u00f3ria, Pedagogia, Servi\u00e7o Social e Turismo, e \u00e0s Faculdades de Ci\u00eancias Sociais e Filosofia.\u00a0 \u00a0 A Escola de [&hellip;]<\/p>\n","protected":false},"author":1,"featured_media":0,"parent":0,"menu_order":0,"comment_status":"closed","ping_status":"closed","template":"","meta":{"footnotes":""},"class_list":["post-602","page","type-page","status-publish","hentry"],"_links":{"self":[{"href":"https:\/\/escolademuseologia.tech\/index.php?rest_route=\/wp\/v2\/pages\/602","targetHints":{"allow":["GET"]}}],"collection":[{"href":"https:\/\/escolademuseologia.tech\/index.php?rest_route=\/wp\/v2\/pages"}],"about":[{"href":"https:\/\/escolademuseologia.tech\/index.php?rest_route=\/wp\/v2\/types\/page"}],"author":[{"embeddable":true,"href":"https:\/\/escolademuseologia.tech\/index.php?rest_route=\/wp\/v2\/users\/1"}],"replies":[{"embeddable":true,"href":"https:\/\/escolademuseologia.tech\/index.php?rest_route=%2Fwp%2Fv2%2Fcomments&post=602"}],"version-history":[{"count":70,"href":"https:\/\/escolademuseologia.tech\/index.php?rest_route=\/wp\/v2\/pages\/602\/revisions"}],"predecessor-version":[{"id":3307,"href":"https:\/\/escolademuseologia.tech\/index.php?rest_route=\/wp\/v2\/pages\/602\/revisions\/3307"}],"wp:attachment":[{"href":"https:\/\/escolademuseologia.tech\/index.php?rest_route=%2Fwp%2Fv2%2Fmedia&parent=602"}],"curies":[{"name":"wp","href":"https:\/\/api.w.org\/{rel}","templated":true}]}}